{"id":4028,"date":"2019-06-07T14:34:07","date_gmt":"2019-06-07T12:34:07","guid":{"rendered":"https:\/\/european-vintage-cars.com\/credits\/"},"modified":"2019-09-11T14:31:29","modified_gmt":"2019-09-11T12:31:29","slug":"credits","status":"publish","type":"page","link":"https:\/\/european-vintage-cars.com\/fr\/credits\/","title":{"rendered":"CGV"},"content":{"rendered":"<h2>Conditions G\u00e9n\u00e9rales de Vente<\/h2>\n<p>ARTICLE 1<\/p>\n<p>OBJET<\/p>\n<p>Le pr\u00e9sent contrat est conclu entre La soci\u00e9t\u00e9 European Vintage Cars prestataire logistique et transports et le CLIENT, via le site internet www.european-vintage-cars.com<\/p>\n<p>Sur la base du contrat de prestations de service , conclu apr\u00e8s signature d&rsquo;un devis , la soci\u00e9t\u00e9 European Vintage Cars s&rsquo;identifie aupr\u00e8s du consommateur.<\/p>\n<p>La soci\u00e9t\u00e9 European Vintage Cars\u00a0 se met en contact avec les garages partenaires am\u00e9ricains nomm\u00e9s ci apr\u00e8s ( Kept motors garage \/ Lady classic motors \/ Classic Car Liquidators) a la demande expresse des acheteurs : les prix de vente formul\u00e9s en Euros sont r\u00e9gl\u00e9s soit directement au garage vendeur ( situ\u00e9 aux USA ) par les acheteurs ou a la soci\u00e9t\u00e9 European Vintage Cars qui int\u00e8gre ses frais de logistique et transports ainsi qu&rsquo;une commission au montant de la transaction pour faciliter, simplifier et s\u00e9curiser l&rsquo;op\u00e9ration globale.<\/p>\n<p>Modalit\u00e9es des prestations et services<\/p>\n<p>European Vintage Cars transmet au consommateur les caract\u00e9ristiques principales des v\u00e9hicules command\u00e9s, dont elle assure la finalisation de l&rsquo;achat aux \u00c9tats Unis aupr\u00e8s de vendeurs am\u00e9ricains et l&rsquo;acheminement international en qualit\u00e9 de mandataire.<\/p>\n<p>Ces caract\u00e9ristiques qualitatives et quantitatives figurent sur les diff\u00e9rents sites professionnels et publics dont l&rsquo;acc\u00e8s est gratuit.<\/p>\n<p>Le client reconnait qu&rsquo;il a port\u00e9 une attention toute particuli\u00e8re \u00e0 la lecture de l&rsquo;annonce, pour laquelle il a pu utiliser le traducteur (Service de traduction fournit \u00e0 titre gratuit par la soci\u00e9t\u00e9 Google bas\u00e9e 1600 Amphitheatre Parkway, Mountain View, CA 94043, \u00c9tats-Unis).<\/p>\n<p>Le bien est livr\u00e9 par bateau \u00e0 la zone portuaire du Havre en France. Il est possible de solliciter la livraison du v\u00e9hicule \u00e0 domicile, dans ce cas, le client devra se rapprocher d&rsquo;European Vintage Cars qui le mettra en rapport avec son transporteur afin de lui faire b\u00e9n\u00e9ficier des meilleures conditions tarifaires.<br \/>\nLe client ce sera auparavant\u00a0 acquitter les frais de douane, de fret ainsi que la TVA aupr\u00e8s d&rsquo;European Vintage Cars qui en fera le r\u00e8glement aupr\u00e8s du prestataire de transport.<\/p>\n<p>Repr\u00e9sent\u00e9 par Bollor\u00e9 Logistics SDV Le Havre PLPN Oudale BP 112 76051 Le Havre.<\/p>\n<p>Les photographies illustrant les produits ou services propos\u00e9s sur les sites Web n&rsquo;ont qu&rsquo;une valeur indicative et non contractuelle. En aucun cas, la responsabilit\u00e9 de European Vintage Cars\u00a0 ne pourra \u00eatre engag\u00e9e en cas d&rsquo;\u00e9ventuelles erreurs ou de non conformit\u00e9 entre l&rsquo;annonce pass\u00e9e et l&rsquo;article livr\u00e9. De plus un expert agr\u00e9e par l&rsquo;\u00e9tat aux Etats-Unis sera propos\u00e9 syst\u00e9matiquement dans le devis fournit au client , qui se gardera le droit d&rsquo;accepter ou non.<\/p>\n<p>Les v\u00e9hicules sont achet\u00e9s pour le compte du client, European Vintage Cars , ne peut donc proc\u00e9der \u00e0 aucun \u00e9change et ne peut pas reprendre les v\u00e9hicules.<\/p>\n<p>Le client reconna\u00eet qu&rsquo;il a \u00e9t\u00e9 inform\u00e9 qu&rsquo;il avait la possibilit\u00e9 de consulter une \u00e9quipe de conseillers mise \u00e0 sa disposition par European Vintage Cars<\/p>\n<p>Le client reconna\u00eet qu&rsquo;il a \u00e9t\u00e9 inform\u00e9 de la possibilit\u00e9 de contacter un sp\u00e9cialiste recommand\u00e9 par European Vintage Cars afin d&rsquo;\u00eatre inform\u00e9 sur les homologations des v\u00e9hicules et des conditions de circulation sur le r\u00e9seau routier public ainsi que du montant des taxes \u00e0 acquitter, cons\u00e9cutives \u00e0 l&rsquo;importation du v\u00e9hicule.<\/p>\n<p>La gamme de services propos\u00e9e par European Vintage Cars, a pour objectif d&rsquo;assurer un maximum de s\u00e9r\u00e9nit\u00e9 et de confort \u00e0 ses clients. Ces professionnels, non rattach\u00e9s \u00e0 notre soci\u00e9t\u00e9, qu&rsquo;ils soient transporteurs, compagnies d&rsquo;assurances, garagistes, experts ou encore services d&rsquo;homologation, sont seuls responsables de la qualit\u00e9 de leur prestation. Nous rappelons aux utilisateurs de European Vintage Cars, que notre unique prestation rel\u00e8ve d&rsquo;un service de logistique d&rsquo;importation et, qu&rsquo;au travers de notre site internet, ne faisons que mettre en relation des vendeurs et des acheteurs.<\/p>\n<p>Les conseillers a toute demande sp\u00e9cifique aboutit \u00e0 la mise en relation avec un de nos conseillers, en charge d&rsquo;apporter des informations compl\u00e9mentaires concernant l&rsquo;utilisation du site www.european-vintage-cars.com, ainsi que le mode op\u00e9ratoire relatif \u00e0 l&rsquo;importation des articles dont les internautes souhaitent faire l&rsquo;acquisition.<\/p>\n<p>Ces conseillers sont autoris\u00e9s \u00e0 donner leur opinion concernant les offres, par leur connaissance des remont\u00e9es d&rsquo;informations du march\u00e9 sur lequel ils officient. Le client, et lui seul, est \u00e0 m\u00eame d&rsquo;en mesurer la recevabilit\u00e9, de m\u00eame qu&rsquo;il est seul responsable de sa d\u00e9cision d&rsquo;achat.<\/p>\n<p>ARTICLE 2<\/p>\n<p>CONFIRMATION DE LA COMMANDE<\/p>\n<p>Le consommateur recevra une confirmation de la commande sous 96 heures au plus tard, d\u00e9lai n\u00e9cessaire aux contr\u00f4leurs am\u00e9ricains mandat\u00e9s par European Vintage Cars pour v\u00e9rifier l\u2019identit\u00e9 du vendeur et la conformit\u00e9 du v\u00e9hicule \u00e0 l\u2019annonce.<\/p>\n<p>Cette confirmation aura lieu par voie de courrier \u00e9lectronique (e-mail).<\/p>\n<p>Une copie des documents officiels sera transmise \u00e0 European Vintage Cars afin qu\u2019elle puisse entamer le processus d\u2019importation.<\/p>\n<p>Le contenu de ces confirmations de commande est archiv\u00e9 par European Vintage Cars. Elles sont consid\u00e9r\u00e9es comme preuve du consentement du consommateur \u00e0 la pr\u00e9sente transaction et a sa date.<\/p>\n<p>ARTICLE 3<\/p>\n<p>PRIX<\/p>\n<p>L\u2019ensemble des prix sont indiqu\u00e9s TTC (taxe a 5,5% pour le v\u00e9hicule , on parle la de la taxe douani\u00e8re et de 20% pour les prestations soumises a TVA) et en Euros.<\/p>\n<p>ARTICLE 4<\/p>\n<p>PROCEDURES DE PAIEMENT<\/p>\n<p>Le paiement de cette somme permet de bloquer imm\u00e9diatement la vente au profit du client.<\/p>\n<p>Le client reconna\u00eet avoir \u00e9t\u00e9 inform\u00e9 que le paiement de cette somme est aussi destin\u00e9 \u00e0 garantir une prise en charge compl\u00e8te et personnalis\u00e9e par l\u2019\u00e9quipe d&rsquo;European Vintage Cars, afin de lui permettre de finaliser son acquisition.<\/p>\n<p>-Paiement aux \u00c9tats Unis: lors de la confirmation de la commande d\u2019une facture correspondant aux frais de logistique d\u2019importation et d&rsquo;achat du v\u00e9hicule ainsi que la prestations de services rapport\u00e9es, \u00e9mise par European Vintage Cars dont le montant a \u00e9t\u00e9 communiqu\u00e9 au client par le conseiller lors de l\u2019\u00e9tablissement de l\u2019ordre de mission .<br \/>\n_Ou paiement a European Vintage Cars qui se chargera d&rsquo;effectuer les transactions n\u00e9cessaires avec la somme vers\u00e9e parle client correspondant au devis pr\u00e9c\u00e9demment sign\u00e9.<br \/>\nCette facture devra \u00eatre r\u00e9gl\u00e9e dans un d\u00e9lai de trois jours \u00e0 compter de sa r\u00e9ception par virement bancaire, ce afin d\u2019assurer le respect des plannings de r\u00e9servation des prestataires d&rsquo;European Vintage Cars.Une fois ce paiement effectu\u00e9 l\u2019achat sera d\u00e9finitivement valid\u00e9 et le vendeur fera parvenir \u00e0 European Vintage Cars les documents de vente qui seront envoy\u00e9s au client par European Vintage Cars au moment de la r\u00e9ception du v\u00e9hicule par le client \u2013 Paiement dans un d\u00e9lai de trois jours \u00e0 compter de la validation de l\u2019achat de prix du v\u00e9hicule par virement en dollars US, si le client choisit le paiement en direct au garage ou bien eu Euro a European Vintage Cars pour la seconde option. Ce proc\u00e9d\u00e9 permet au client d\u2019avoir toutes les garanties n\u00e9cessaires et de b\u00e9n\u00e9ficier du taux de change le plus avantageux.<\/p>\n<p>Le client devra justifier par mail \u00e0 European Vintage Cars\u00a0 d&rsquo;un justificatif de virement d\u00e9s leur ex\u00e9cution, ce afin de ne pas ralentir le processus d\u2019importation.<\/p>\n<p>Toutes demandes de factures additionnelles, n\u2019incluant pas la facture initiale, sera factur\u00e9e 50 euros.<\/p>\n<p>Si toutefois le client ne paye pas la dite facture dans le d\u00e9lai respect\u00e9 ( 3 jours ) et que le v\u00e9hicule n\u2019est plus disponible ult\u00e9rieurement , le montant de la somme vers\u00e9 sera remis en jeu pour l\u2019achat d\u2019un prochain v\u00e9hicule. Aucun remboursement ne sera effectu\u00e9.<\/p>\n<p>ARTICLE 5<\/p>\n<p>ENGAGEMENT<\/p>\n<p>L\u2019acceptation de la commande et du pr\u00e9sent contrat se r\u00e9alise gr\u00e2ce \u00e0 la preuve de virement et\/ou par le virement. Lorsque l\u2019acheteur envoi le virement il est irr\u00e9vocablement li\u00e9.<\/p>\n<p>Son acceptation ne pourra \u00eatre ult\u00e9rieurement remise en cause. En effet, le devis sign\u00e9 par le client l&rsquo;engage dans l\u2019ex\u00e9cution et la conclusion du pr\u00e9sent contrat.<\/p>\n<p>D\u00e9lais de r\u00e9tractation : le client dispose d&rsquo;un d\u00e9lai de r\u00e9tractation de\u00a0 7 jours ( y compris jours f\u00e9ri\u00e9s ) a compter de la date d&rsquo;envoi du virement bancaire effectu\u00e9 par le client correspondant \u00e0 l&rsquo;acompte indiqu\u00e9 sur le devis.( date figurant sur l&rsquo;ordre de virement transmis au client pour EVC) , l&rsquo;annulation du contrat s&rsquo;effectuera d\u00e8s r\u00e9ception de la demande du client par email ou courrier recommand\u00e9. Les sommes engag\u00e9s pour entamer le processus d&rsquo;importation et facturable seront alors non rembours\u00e9es par European Vintage Cars. Le restant de cette somme sera restitu\u00e9e au client dans un d\u00e9lais raisonnable.<\/p>\n<p>ARTICLE 6<\/p>\n<p>GARANTIE ET SERVICE APRES-VENTE<\/p>\n<p>En aucun cas la responsabilit\u00e9 de European Vintage Cars ne pourra \u00eatre recherch\u00e9e et ce pour quelque cause que ce soit.<\/p>\n<p>ARTICLE 7<\/p>\n<p>SECURITE DES TRANSACTIONS La soci\u00e9t\u00e9 d\u00e9clare avoir mis en \u0153uvre les dispositifs de s\u00e9curit\u00e9 requis pour s\u00e9curiser les transactions, savoir :<\/p>\n<p>-Virement bancaire international \u00e9tablie par l&rsquo;\u00e9tablissement bancaire : Banque Soci\u00e9t\u00e9 G\u00e9n\u00e9ral<\/p>\n<div class=\"agencylabel\"><a class=\"seolink\" href=\"https:\/\/agences.societegenerale.fr\/banque-assurance\/agence-lorient-id3000301160\">Agence LORIENT<\/a><\/div>\n<div class=\"agencyaddress\">10 RUE ASS.NATIONALE<br \/>\n56100 LORIENT<\/div>\n<p>ARTICLE 8<\/p>\n<p>ANNULATION DE VOTRE ACHAT<\/p>\n<p>En cas d&rsquo;annulation de votre achat apr\u00e8s le d\u00e9lai de r\u00e9tractation indiqu\u00e9 en article 5, les frais d&rsquo;agence, de transport et de r\u00e9servation du conteneur seront perdus. La diff\u00e9rence des fonds sera renvoy\u00e9e au client lorsque le v\u00e9hicule aura \u00e9t\u00e9 revendu.<\/p>\n<p>ARTICLE 9<\/p>\n<p>LIVRAISON<\/p>\n<p>European Vintage Cars\u00a0 s\u2019engage \u00e0 livrer le bien vendu dans un d\u00e9lai, de soixante ( 60 ) \u00e0 quatre vingt dix (90) jours \u00e0 compter du paiement. Ce d\u00e9lai pourra \u00eatre prolong\u00e9 en raison d\u2019\u00e9v\u00e9nements exceptionnels tels que gr\u00e8ve des transports, intemp\u00e9ries, incendie etc\u2026, ou tout simplement sur demande du client pour effectuer des r\u00e9parations, remise en \u00e9tat et\/ou retard des transports domestiques.<\/p>\n<p>Le d\u00e9lai de livraison pourra \u00eatre de 5 \u00e0 12 semaines en fonction de la localisation du v\u00e9hicule sur le territoire am\u00e9ricain.<\/p>\n<p>En aucun cas European Vintage Cars ne pourra \u00eatre tenue pour responsable d\u2019un retard de livraison occasionn\u00e9 par un \u00e9v\u00e9nement ind\u00e9pendant de sa volont\u00e9.<\/p>\n<p>Si pour quelque raison que ce soit le v\u00e9hicule devait se trouver indisponible, le consommateur en sera inform\u00e9 dans les plus brefs d\u00e9lais et pourra alors l\u2019option de relancer sa recherche.<\/p>\n<p>En cas d\u2019indisponibilit\u00e9 la demande de restitution du prix devra \u00eatre effectu\u00e9e aupr\u00e8s du vendeur qui en a encaiss\u00e9 le montant.<\/p>\n<p>La livraison aura lieu au port du Havre en France, le client reconnait avoir \u00e9t\u00e9 inform\u00e9 que les frais de livraison sont \u00e0 sa charge, et d\u00e9taill\u00e9 dans le devis remis et sign\u00e9 par le client aupr\u00e8s d&rsquo;European Vintage Cars.<\/p>\n<p>Les biens command\u00e9s voyagent avec assurance. Toute contestation doit \u00eatre formul\u00e9e par lettre recommand\u00e9e avec A.R aupr\u00e8s du transporteur dans un d\u00e9lai de trois (3) jours \u00e0 compter de la livraison.<\/p>\n<p>Bollor\u00e9 Logistics SDV Le Havre<\/p>\n<p>PLPN Ouadalle<\/p>\n<p>BP 112<\/p>\n<p>76051 Le Havre<\/p>\n<p>ARTICLE 10<\/p>\n<p>Prestataires connus<\/p>\n<p>La Liste des prestataires d&rsquo;European Vintage Cars dans le cadre de la logistique ,de l&rsquo;expertise et des \u00e9changes bancaires concernant le v\u00e9hicule de la facture entre le client et la soci\u00e9t\u00e9 European Vintage Cars est mis a disposition du client sur simple demande par email.<\/p>\n<p>Article 11<\/p>\n<p>R\u00c8GLEMENT DES LITIGES<\/p>\n<p>En cas de contestation relative \u00e0 l\u2019interpr\u00e9tation et \u00e0 l\u2019ex\u00e9cution du pr\u00e9sent contrat, les parties conviennent que, pr\u00e9alablement \u00e0 toute action judiciaire, elles s\u2019engagent \u00e0 soumettre leurs diff\u00e9rends \u00e0 la m\u00e9diation du Centre de m\u00e9diation<br \/>\nConseil r\u00e9gional des notaires de la Cour d\u2019Appel de Rennes<br \/>\n14 rue de Paris \u2013 CS 16436<br \/>\n35064 Rennes Cedex<br \/>\nT\u00e9l. 02.99.27.54.45 .<\/p>\n<p>En cas d\u2019\u00e9chec de la m\u00e9diation, tout litige n\u00e9 du pr\u00e9sent contrat rel\u00e8vera de la comp\u00e9tence du tribunal comp\u00e9tent nomm\u00e9 ci dessous :<\/p>\n<div class=\"cXedhc\">\n<div class=\"dbg0pd\" role=\"heading\">Tribunal de Commerce de Vannes<\/div>\n<div>\u00a0Palais de justice<\/div>\n<div>19 Rue des Tribunaux\u00a0\u00b7 02 97 47 22 89<\/div>\n<\/div>\n<p>&nbsp;<\/p>\n<p>ARTICLE 12<\/p>\n<p>LOI APPLICABLE<\/p>\n<p>Les pr\u00e9sentes Conditions sont r\u00e9gies par la L\u00e9gislation fran\u00e7aise<\/p>\n<p>Mentions l\u00e9gales<\/p>\n<p>\u00c9diteur du Site<br \/>\nLe site European Vintage Cars est \u00e9dit\u00e9 par European Vintage Cars et mise en service par Lamour du web, P\u00f4le Technellys 165, la Montagne du Salut<br \/>\n56600 LANESTER<\/p>\n<p>Droits d&rsquo;auteur<br \/>\nLe site European Vintage Cars<br \/>\nCorporation est prot\u00e9g\u00e9 par les dispositions du Code de la propri\u00e9t\u00e9 intellectuelle, notamment par celles relatives \u00e0 la propri\u00e9t\u00e9 litt\u00e9raire et artistique et au droit des marques. CNIL \u2013 Protection des donn\u00e9es personnelles Les informations que nous sommes amen\u00e9s \u00e0 recueillir proviennent : \u2013 soit de l\u2019inscription volontaire d\u2019une adresse e-mail de votre part vous permettant de recevoir notre newsletter, \u2013 soit d\u2019un abonnement de votre part aux services propos\u00e9s par notre site, \u2013 soit de la saisie compl\u00e8te de vos coordonn\u00e9es par vos soins \u00e0 l\u2019occasion d\u2019une op\u00e9ration \u00e9v\u00e9nementielle. Ces informations nous permettent de mieux vous conna\u00eetre. Elles pourront \u00eatre utilis\u00e9es, en outre, pour vous informer de l\u2019existence de nos produits et services. Vous disposez d\u2019un droit d\u2019acc\u00e8s,de modification, de rectification et de suppression des donn\u00e9es qui vous concernent (art. 34 de la loi \u00ab Informatique et Libert\u00e9s \u00bb n\u00b0 78-17 du 6 janvier 1978 ).<\/p>\n<p>Cookies European Vintage Cars vous informe qu\u2019un cookie est plac\u00e9 dans votre ordinateur lorsque vous naviguez sur son site. Un cookie ne nous permet pas de vous identifier. De mani\u00e8re g\u00e9n\u00e9rale, il enregistre des informations relatives \u00e0 la navigation de votre ordinateur sur notre site (les pages que vous avez consult\u00e9es, la date et l\u2019heure de la consultation, etc.) que nous pourrons lire lors de vos visites ult\u00e9rieures. Son but unique est de mettre en place un comptage du nombre de visiteurs et de limiter \u00e9ventuellement le nombre de d\u00e9livrance d\u2019une m\u00eame banni\u00e8re publicitaire \u00e0 un m\u00eame utilisateur. La dur\u00e9e de conservation de ces informations dans votre ordinateur est de un an. Nous vous informons que vous pouvez vous opposer \u00e0 l\u2019enregistrement de \u00ab cookies \u00bb en d\u00e9sactivant cette option dans les param\u00e8tres de votre navigateur.<\/p>\n","protected":false},"excerpt":{"rendered":"<p>Conditions G\u00e9n\u00e9rales de Vente ARTICLE 1 OBJET Le pr\u00e9sent contrat est conclu entre La soci\u00e9t\u00e9 European Vintage Cars prestataire logistique et transports et le CLIENT, via le site internet www.european-vintage-cars.com Sur la base du contrat de prestations de service , conclu apr\u00e8s signature d&rsquo;un devis , la soci\u00e9t\u00e9 European Vintage Cars s&rsquo;identifie aupr\u00e8s du consommateur.&hellip;<\/p>\n","protected":false},"author":1,"featured_media":0,"parent":0,"menu_order":0,"comment_status":"closed","ping_status":"closed","template":"","meta":{"_acf_changed":false,"footnotes":""},"class_list":["post-4028","page","type-page","status-publish","hentry"],"acf":[],"yoast_head":"<!-- This site is optimized with the Yoast SEO plugin v27.3 - https:\/\/yoast.com\/product\/yoast-seo-wordpress\/ -->\n<title>CGV - European Vintage Cars<\/title>\n<meta name=\"robots\" content=\"index, follow, max-snippet:-1, max-image-preview:large, max-video-preview:-1\" \/>\n<link rel=\"canonical\" href=\"https:\/\/european-vintage-cars.com\/fr\/credits\/\" \/>\n<meta property=\"og:locale\" content=\"fr_FR\" \/>\n<meta property=\"og:type\" content=\"article\" \/>\n<meta property=\"og:title\" content=\"CGV - European Vintage Cars\" \/>\n<meta property=\"og:description\" content=\"Conditions G\u00e9n\u00e9rales de Vente ARTICLE 1 OBJET Le pr\u00e9sent contrat est conclu entre La soci\u00e9t\u00e9 European Vintage Cars prestataire logistique et transports et le CLIENT, via le site internet www.european-vintage-cars.com Sur la base du contrat de prestations de service , conclu apr\u00e8s signature d&rsquo;un devis , la soci\u00e9t\u00e9 European Vintage Cars s&rsquo;identifie aupr\u00e8s du consommateur.&hellip;\" \/>\n<meta property=\"og:url\" content=\"https:\/\/european-vintage-cars.com\/fr\/credits\/\" \/>\n<meta property=\"og:site_name\" content=\"European Vintage Cars\" \/>\n<meta property=\"article:modified_time\" content=\"2019-09-11T12:31:29+00:00\" \/>\n<meta name=\"twitter:card\" content=\"summary_large_image\" \/>\n<meta name=\"twitter:label1\" content=\"Dur\u00e9e de lecture estim\u00e9e\" \/>\n\t<meta name=\"twitter:data1\" content=\"12 minutes\" \/>\n<script type=\"application\/ld+json\" class=\"yoast-schema-graph\">{\"@context\":\"https:\\\/\\\/schema.org\",\"@graph\":[{\"@type\":\"WebPage\",\"@id\":\"https:\\\/\\\/european-vintage-cars.com\\\/fr\\\/credits\\\/\",\"url\":\"https:\\\/\\\/european-vintage-cars.com\\\/fr\\\/credits\\\/\",\"name\":\"CGV - European Vintage Cars\",\"isPartOf\":{\"@id\":\"https:\\\/\\\/european-vintage-cars.com\\\/fr\\\/#website\"},\"datePublished\":\"2019-06-07T12:34:07+00:00\",\"dateModified\":\"2019-09-11T12:31:29+00:00\",\"breadcrumb\":{\"@id\":\"https:\\\/\\\/european-vintage-cars.com\\\/fr\\\/credits\\\/#breadcrumb\"},\"inLanguage\":\"fr-FR\",\"potentialAction\":[{\"@type\":\"ReadAction\",\"target\":[\"https:\\\/\\\/european-vintage-cars.com\\\/fr\\\/credits\\\/\"]}]},{\"@type\":\"BreadcrumbList\",\"@id\":\"https:\\\/\\\/european-vintage-cars.com\\\/fr\\\/credits\\\/#breadcrumb\",\"itemListElement\":[{\"@type\":\"ListItem\",\"position\":1,\"name\":\"Home\",\"item\":\"https:\\\/\\\/european-vintage-cars.com\\\/fr\\\/\"},{\"@type\":\"ListItem\",\"position\":2,\"name\":\"CGV\"}]},{\"@type\":\"WebSite\",\"@id\":\"https:\\\/\\\/european-vintage-cars.com\\\/fr\\\/#website\",\"url\":\"https:\\\/\\\/european-vintage-cars.com\\\/fr\\\/\",\"name\":\"European Vintage Cars\",\"description\":\"Un site utilisant WordPress\",\"publisher\":{\"@id\":\"https:\\\/\\\/european-vintage-cars.com\\\/fr\\\/#organization\"},\"potentialAction\":[{\"@type\":\"SearchAction\",\"target\":{\"@type\":\"EntryPoint\",\"urlTemplate\":\"https:\\\/\\\/european-vintage-cars.com\\\/fr\\\/?s={search_term_string}\"},\"query-input\":{\"@type\":\"PropertyValueSpecification\",\"valueRequired\":true,\"valueName\":\"search_term_string\"}}],\"inLanguage\":\"fr-FR\"},{\"@type\":\"Organization\",\"@id\":\"https:\\\/\\\/european-vintage-cars.com\\\/fr\\\/#organization\",\"name\":\"European Vintage Cars\",\"url\":\"https:\\\/\\\/european-vintage-cars.com\\\/fr\\\/\",\"logo\":{\"@type\":\"ImageObject\",\"inLanguage\":\"fr-FR\",\"@id\":\"https:\\\/\\\/european-vintage-cars.com\\\/fr\\\/#\\\/schema\\\/logo\\\/image\\\/\",\"url\":\"https:\\\/\\\/european-vintage-cars.com\\\/wp-content\\\/uploads\\\/2018\\\/03\\\/IMG_0388.jpg\",\"contentUrl\":\"https:\\\/\\\/european-vintage-cars.com\\\/wp-content\\\/uploads\\\/2018\\\/03\\\/IMG_0388.jpg\",\"width\":408,\"height\":319,\"caption\":\"European Vintage Cars\"},\"image\":{\"@id\":\"https:\\\/\\\/european-vintage-cars.com\\\/fr\\\/#\\\/schema\\\/logo\\\/image\\\/\"}}]}<\/script>\n<!-- \/ Yoast SEO plugin. -->","yoast_head_json":{"title":"CGV - European Vintage Cars","robots":{"index":"index","follow":"follow","max-snippet":"max-snippet:-1","max-image-preview":"max-image-preview:large","max-video-preview":"max-video-preview:-1"},"canonical":"https:\/\/european-vintage-cars.com\/fr\/credits\/","og_locale":"fr_FR","og_type":"article","og_title":"CGV - European Vintage Cars","og_description":"Conditions G\u00e9n\u00e9rales de Vente ARTICLE 1 OBJET Le pr\u00e9sent contrat est conclu entre La soci\u00e9t\u00e9 European Vintage Cars prestataire logistique et transports et le CLIENT, via le site internet www.european-vintage-cars.com Sur la base du contrat de prestations de service , conclu apr\u00e8s signature d&rsquo;un devis , la soci\u00e9t\u00e9 European Vintage Cars s&rsquo;identifie aupr\u00e8s du consommateur.&hellip;","og_url":"https:\/\/european-vintage-cars.com\/fr\/credits\/","og_site_name":"European Vintage Cars","article_modified_time":"2019-09-11T12:31:29+00:00","twitter_card":"summary_large_image","twitter_misc":{"Dur\u00e9e de lecture estim\u00e9e":"12 minutes"},"schema":{"@context":"https:\/\/schema.org","@graph":[{"@type":"WebPage","@id":"https:\/\/european-vintage-cars.com\/fr\/credits\/","url":"https:\/\/european-vintage-cars.com\/fr\/credits\/","name":"CGV - European Vintage Cars","isPartOf":{"@id":"https:\/\/european-vintage-cars.com\/fr\/#website"},"datePublished":"2019-06-07T12:34:07+00:00","dateModified":"2019-09-11T12:31:29+00:00","breadcrumb":{"@id":"https:\/\/european-vintage-cars.com\/fr\/credits\/#breadcrumb"},"inLanguage":"fr-FR","potentialAction":[{"@type":"ReadAction","target":["https:\/\/european-vintage-cars.com\/fr\/credits\/"]}]},{"@type":"BreadcrumbList","@id":"https:\/\/european-vintage-cars.com\/fr\/credits\/#breadcrumb","itemListElement":[{"@type":"ListItem","position":1,"name":"Home","item":"https:\/\/european-vintage-cars.com\/fr\/"},{"@type":"ListItem","position":2,"name":"CGV"}]},{"@type":"WebSite","@id":"https:\/\/european-vintage-cars.com\/fr\/#website","url":"https:\/\/european-vintage-cars.com\/fr\/","name":"European Vintage Cars","description":"Un site utilisant WordPress","publisher":{"@id":"https:\/\/european-vintage-cars.com\/fr\/#organization"},"potentialAction":[{"@type":"SearchAction","target":{"@type":"EntryPoint","urlTemplate":"https:\/\/european-vintage-cars.com\/fr\/?s={search_term_string}"},"query-input":{"@type":"PropertyValueSpecification","valueRequired":true,"valueName":"search_term_string"}}],"inLanguage":"fr-FR"},{"@type":"Organization","@id":"https:\/\/european-vintage-cars.com\/fr\/#organization","name":"European Vintage Cars","url":"https:\/\/european-vintage-cars.com\/fr\/","logo":{"@type":"ImageObject","inLanguage":"fr-FR","@id":"https:\/\/european-vintage-cars.com\/fr\/#\/schema\/logo\/image\/","url":"https:\/\/european-vintage-cars.com\/wp-content\/uploads\/2018\/03\/IMG_0388.jpg","contentUrl":"https:\/\/european-vintage-cars.com\/wp-content\/uploads\/2018\/03\/IMG_0388.jpg","width":408,"height":319,"caption":"European Vintage Cars"},"image":{"@id":"https:\/\/european-vintage-cars.com\/fr\/#\/schema\/logo\/image\/"}}]}},"_links":{"self":[{"href":"https:\/\/european-vintage-cars.com\/fr\/wp-json\/wp\/v2\/pages\/4028","targetHints":{"allow":["GET"]}}],"collection":[{"href":"https:\/\/european-vintage-cars.com\/fr\/wp-json\/wp\/v2\/pages"}],"about":[{"href":"https:\/\/european-vintage-cars.com\/fr\/wp-json\/wp\/v2\/types\/page"}],"author":[{"embeddable":true,"href":"https:\/\/european-vintage-cars.com\/fr\/wp-json\/wp\/v2\/users\/1"}],"replies":[{"embeddable":true,"href":"https:\/\/european-vintage-cars.com\/fr\/wp-json\/wp\/v2\/comments?post=4028"}],"version-history":[{"count":7,"href":"https:\/\/european-vintage-cars.com\/fr\/wp-json\/wp\/v2\/pages\/4028\/revisions"}],"predecessor-version":[{"id":6470,"href":"https:\/\/european-vintage-cars.com\/fr\/wp-json\/wp\/v2\/pages\/4028\/revisions\/6470"}],"wp:attachment":[{"href":"https:\/\/european-vintage-cars.com\/fr\/wp-json\/wp\/v2\/media?parent=4028"}],"curies":[{"name":"wp","href":"https:\/\/api.w.org\/{rel}","templated":true}]}}